{"id":22347,"date":"2019-02-04T17:31:30","date_gmt":"2019-02-04T15:31:30","guid":{"rendered":"https:\/\/gradinamarioarei.md\/servicii\/servicii-intretinere-spatii-verzi\/"},"modified":"2020-02-10T15:09:24","modified_gmt":"2020-02-10T13:09:24","slug":"professional-and-complete-green-space-maintenance-services","status":"publish","type":"page","link":"https:\/\/gradinamarioarei.md\/en\/gradina-marioarei-complex-services-for-landscape-design\/professional-and-complete-green-space-maintenance-services\/","title":{"rendered":"Maintenance services of green spaces"},"content":{"rendered":"<p>[vc_row row_type=&#8221;row&#8221; use_row_as_full_screen_section=&#8221;no&#8221; type=&#8221;grid&#8221; text_align=&#8221;center&#8221; background_animation=&#8221;none&#8221; padding_bottom=&#8221;80&#8243; css_animation=&#8221;&#8221;][vc_column][vc_empty_space height=&#8221;84px&#8221;][vc_column_text]<\/p>\n<h2 style=\"text-align: center;\">Complete maintenance services of green spaces<\/h2>\n<p>[\/vc_column_text][vc_separator type=&#8221;transparent&#8221; border_style=&#8221;&#8221; up=&#8221;50&#8243; down=&#8221;0&#8243;][vc_column_text]<\/p>\n<h5>For the enviable aspect of a garden it is necessary to carefully maintain it.<br \/>\nThe complete services provided by our team contain a variety of services that can be provided in two forms.<\/h5>\n<p>&nbsp;<\/p>\n<h5>The first and most often contracted would be the unique garden maintenance service. We are talking about conserving the garden for the cold season or preparing it for the growing season.<\/h5>\n<p>&nbsp;<\/p>\n<h5>The second form of services that is becoming more and more current among the preferences of the customers is the systematic maintenance of the garden.<br \/>\nWhich means signing a contract for a calendar year, which involves complete maintenance of the garden.<\/h5>\n<p>[\/vc_column_text][\/vc_column][\/vc_row][vc_row row_type=&#8221;row&#8221; use_row_as_full_screen_section=&#8221;no&#8221; type=&#8221;full_width&#8221; text_align=&#8221;left&#8221; background_animation=&#8221;none&#8221; css_animation=&#8221;&#8221;][vc_column width=&#8221;1\/2&#8243;][vc_column_text]<\/p>\n<h5 style=\"text-align: center;\">We mention below some of the services we offer:<\/h5>\n<p>&nbsp;<\/p>\n<h5 style=\"text-align: center;\">* weekly mowing, fertilizing, scarifying and aerating the lawn;<\/h5>\n<p>&nbsp;<\/p>\n<h5 style=\"text-align: center;\">* trimming and pruning of fruit and decorative trees;<\/h5>\n<p>&nbsp;<\/p>\n<h5 style=\"text-align: center;\">* maintenance of the automated irrigation system;<\/h5>\n<p>&nbsp;<\/p>\n<h5 style=\"text-align: center;\">* application of fertilizers and plant protection treatments as necessary;<\/h5>\n<p>[\/vc_column_text][\/vc_column][vc_column width=&#8221;1\/2&#8243;][vc_single_image image=&#8221;22822&#8243; img_size=&#8221;500&#215;250&#8243; onclick=&#8221;link_image&#8221; qode_css_animation=&#8221;&#8221;][\/vc_column][\/vc_row][vc_row row_type=&#8221;row&#8221; use_row_as_full_screen_section=&#8221;no&#8221; type=&#8221;grid&#8221; text_align=&#8221;center&#8221; background_animation=&#8221;none&#8221; padding_bottom=&#8221;80&#8243; css_animation=&#8221;&#8221;][vc_column][vc_empty_space height=&#8221;80px&#8221;][vc_column_text]<\/p>\n<h5>In order to provide the quality services we have professional equipment from: Toro, Billy Goat, GreenMech and Cramer.<\/h5>\n<p>[\/vc_column_text][\/vc_column][\/vc_row][vc_row row_type=&#8221;row&#8221; use_row_as_full_screen_section=&#8221;no&#8221; type=&#8221;full_width&#8221; text_align=&#8221;left&#8221; background_animation=&#8221;none&#8221; css_animation=&#8221;&#8221; css=&#8221;.vc_custom_1549293529163{padding-right: 30px !important;padding-left: 30px !important;}&#8221;][vc_column][vc_gallery type=&#8221;image_grid&#8221; images=&#8221;22798,22797,22512,22513&#8243; img_size=&#8221;700&#215;700&#8243; onclick=&#8221;&#8221; column_number=&#8221;4&#8243; grayscale=&#8221;no&#8221; space_between_images=&#8221;yes&#8221;][vc_empty_space height=&#8221;80px&#8221;][\/vc_column][\/vc_row][vc_row row_type=&#8221;row&#8221; use_row_as_full_screen_section=&#8221;no&#8221; type=&#8221;grid&#8221; text_align=&#8221;left&#8221; background_animation=&#8221;none&#8221; css_animation=&#8221;&#8221;][vc_column][vc_column_text]<\/p>\n<h5 style=\"text-align: center;\">In order to receive the correct price offer for the requested services, it is necessary that a specialist from Gradina Marioarei to visit the location in order to analyze the situation on the spot.<\/h5>\n<p>[\/vc_column_text][vc_empty_space height=&#8221;60px&#8221;][vc_row_inner row_type=&#8221;row&#8221; type=&#8221;full_width&#8221; use_row_as_full_screen_section_slide=&#8221;no&#8221; text_align=&#8221;left&#8221; css_animation=&#8221;&#8221; el_class=&#8221;ContactFormInfo&#8221;][vc_column_inner width=&#8221;5\/6&#8243;]\n<div class=\"wpcf7 no-js\" id=\"wpcf7-f21931-o1\" lang=\"en-US\" dir=\"ltr\" data-wpcf7-id=\"21931\">\n<div class=\"screen-reader-response\"><p role=\"status\" aria-live=\"polite\" aria-atomic=\"true\"><\/p> <ul><\/ul><\/div>\n<form action=\"\/en\/wp-json\/wp\/v2\/pages\/22347#wpcf7-f21931-o1\" method=\"post\" class=\"wpcf7-form init default\" aria-label=\"Contact form\" novalidate=\"novalidate\" data-status=\"init\">\n<fieldset class=\"hidden-fields-container\"><input type=\"hidden\" name=\"_wpcf7\" value=\"21931\" \/><input type=\"hidden\" name=\"_wpcf7_version\" value=\"6.1.5\" \/><input type=\"hidden\" name=\"_wpcf7_locale\" value=\"en_US\" \/><input type=\"hidden\" name=\"_wpcf7_unit_tag\" value=\"wpcf7-f21931-o1\" \/><input type=\"hidden\" name=\"_wpcf7_container_post\" value=\"0\" \/><input type=\"hidden\" name=\"_wpcf7_posted_data_hash\" value=\"\" \/>\n<\/fieldset>\n<div class=\"three_columns clearfix\">\n\t<div class=\"column1\">\n\t\t<div class=\"column_inner\">\n\t\t\t<p><span class=\"wpcf7-form-control-wrap\" data-name=\"first-name\"><input size=\"40\" maxlength=\"400\" class=\"wpcf7-form-control wpcf7-text wpcf7-validates-as-required\" aria-required=\"true\" aria-invalid=\"false\" placeholder=\"Name\" value=\"\" type=\"text\" name=\"first-name\" \/><\/span>\n\t\t\t<\/p>\n\t\t<\/div>\n\t<\/div>\n\t<div class=\"column2\">\n\t\t<div class=\"column_inner\">\n\t\t\t<p><span class=\"wpcf7-form-control-wrap\" data-name=\"last-name\"><input size=\"40\" maxlength=\"400\" class=\"wpcf7-form-control wpcf7-text wpcf7-validates-as-required\" aria-required=\"true\" aria-invalid=\"false\" placeholder=\"Last name\" value=\"\" type=\"text\" name=\"last-name\" \/><\/span>\n\t\t\t<\/p>\n\t\t<\/div>\n\t<\/div>\n\t<div class=\"column3\">\n\t\t<div class=\"column_inner\">\n\t\t\t<p><span class=\"wpcf7-form-control-wrap\" data-name=\"email\"><input size=\"40\" maxlength=\"400\" class=\"wpcf7-form-control wpcf7-email wpcf7-validates-as-required wpcf7-text wpcf7-validates-as-email\" aria-required=\"true\" aria-invalid=\"false\" placeholder=\"Email\" value=\"\" type=\"email\" name=\"email\" \/><\/span>\n\t\t\t<\/p>\n\t\t<\/div>\n\t<\/div>\n<\/div>\n<p><span class=\"wpcf7-form-control-wrap\" data-name=\"message\"><textarea cols=\"40\" rows=\"10\" maxlength=\"2000\" class=\"wpcf7-form-control wpcf7-textarea\" aria-invalid=\"false\" placeholder=\"Message\" name=\"message\"><\/textarea><\/span>\n<\/p>\n<p><input class=\"wpcf7-form-control wpcf7-submit has-spinner\" type=\"submit\" value=\"Send\" \/>\n<\/p><div class=\"wpcf7-response-output\" aria-hidden=\"true\"><\/div>\n<\/form>\n<\/div>\n[\/vc_column_inner][vc_column_inner width=&#8221;1\/6&#8243;][vc_column_text]<\/p>\n<h3 style=\"font-size: 18px;\"><strong>Address<\/strong><\/h3>\n<p>&nbsp;<\/p>\n<p>Str. Cahul nr 19. Chisinau<\/p>\n<p>&nbsp;<\/p>\n<h3 style=\"font-size: 18px;\"><strong>Telephone<\/strong><\/h3>\n<p>&nbsp;<\/p>\n<p>+373 692 36 738<\/p>\n<p>+373 693 61 600<\/p>\n<p>&nbsp;<\/p>\n<h3 style=\"font-size: 18px;\"><strong>Email<\/strong><\/h3>\n<p>&nbsp;<\/p>\n<p>gradinamarioarei@gmail.com[\/vc_column_text][\/vc_column_inner][\/vc_row_inner][vc_empty_space height=&#8221;80px&#8221;][\/vc_column][\/vc_row][vc_row row_type=&#8221;row&#8221; use_row_as_full_screen_section=&#8221;no&#8221; type=&#8221;grid&#8221; text_align=&#8221;left&#8221; background_animation=&#8221;none&#8221; css_animation=&#8221;&#8221; css=&#8221;.vc_custom_1549098974716{background-color: #f9f9f9 !important;}&#8221;][vc_column][vc_empty_space height=&#8221;80px&#8221;][vc_column_text]<\/p>\n<h2 style=\"text-align: center;\">Articles<\/h2>\n<p>[\/vc_column_text][vc_empty_space height=&#8221;70px&#8221;]<div class='latest_post_holder boxes three_columns one_row'><ul><li class=\"clearfix\"><div class=\"boxes_image\"><a href=\"https:\/\/gradinamarioarei.md\/en\/everlasting-green-fence-of-multiannual-plants-thuja-pyracantha-buxus\/\"><img loading=\"lazy\" decoding=\"async\" width=\"550\" height=\"498\" src=\"https:\/\/gradinamarioarei.md\/wp-content\/uploads\/2015\/10\/gardverde-550x498.jpg\" class=\"attachment-portfolio-default size-portfolio-default wp-post-image\" alt=\"\" srcset=\"https:\/\/gradinamarioarei.md\/wp-content\/uploads\/2015\/10\/gardverde-550x498.jpg 550w, https:\/\/gradinamarioarei.md\/wp-content\/uploads\/2015\/10\/gardverde-480x434.jpg 480w, https:\/\/gradinamarioarei.md\/wp-content\/uploads\/2015\/10\/gardverde-125x112.jpg 125w\" sizes=\"auto, (max-width: 550px) 100vw, 550px\" \/><span class=\"latest_post_overlay\"><i class=\"icon_plus\" aria-hidden=\"true\"><\/i><\/span><\/a><\/div><div class=\"latest_post\" ><div class=\"latest_post_text\"><span class=\"date_holder post_info_section\"><span class=\"date\">October 21, 2019<\/span><\/span><h4 class=\"latest_post_title \"><a href=\"https:\/\/gradinamarioarei.md\/en\/everlasting-green-fence-of-multiannual-plants-thuja-pyracantha-buxus\/\">Evergreen natural fence<\/a><\/h4><p class=\"excerpt\">\u00a0If you want to surround your garden without using the wooden fence or wire mesh, then we propose a suitable solution &#8211; plant a green tree fence. Among the evergreen shrubs, the most commonly used for the execution of a live fence are: thuja, juniperus,......<\/p><\/div><\/div><\/li><li class=\"clearfix\"><div class=\"boxes_image\"><a href=\"https:\/\/gradinamarioarei.md\/en\/mechanization-of-work-execution-processes-at-gradina-marioarei\/\"><img loading=\"lazy\" decoding=\"async\" width=\"550\" height=\"498\" src=\"https:\/\/gradinamarioarei.md\/wp-content\/uploads\/2020\/01\/Toro-Dingo-TX1000-1-550x498.jpg\" class=\"attachment-portfolio-default size-portfolio-default wp-post-image\" alt=\"\" srcset=\"https:\/\/gradinamarioarei.md\/wp-content\/uploads\/2020\/01\/Toro-Dingo-TX1000-1-550x498.jpg 550w, https:\/\/gradinamarioarei.md\/wp-content\/uploads\/2020\/01\/Toro-Dingo-TX1000-1-480x434.jpg 480w, https:\/\/gradinamarioarei.md\/wp-content\/uploads\/2020\/01\/Toro-Dingo-TX1000-1-125x112.jpg 125w\" sizes=\"auto, (max-width: 550px) 100vw, 550px\" \/><span class=\"latest_post_overlay\"><i class=\"icon_plus\" aria-hidden=\"true\"><\/i><\/span><\/a><\/div><div class=\"latest_post\" ><div class=\"latest_post_text\"><span class=\"date_holder post_info_section\"><span class=\"date\">May 29, 2020<\/span><\/span><h4 class=\"latest_post_title \"><a href=\"https:\/\/gradinamarioarei.md\/en\/mechanization-of-work-execution-processes-at-gradina-marioarei\/\">How the mechanization of landscaping processes helped us at Gr\u0103dina M\u0103rioarei<\/a><\/h4><p class=\"excerpt\">During the last years, we have invested a lot in the mechanization of the execution processes of the landscaping works, in order to make the work more efficient and to optimize the time for the works. In the following article we would like to tell......<\/p><\/div><\/div><\/li><li class=\"clearfix\"><div class=\"boxes_image\"><a href=\"https:\/\/gradinamarioarei.md\/en\/toro-lawn-mowers-with-vortex-technology\/\"><img loading=\"lazy\" decoding=\"async\" width=\"550\" height=\"498\" src=\"https:\/\/gradinamarioarei.md\/wp-content\/uploads\/2022\/01\/Toro-Recycler-tehnologia-Vortex-550x498.jpg\" class=\"attachment-portfolio-default size-portfolio-default wp-post-image\" alt=\"\" srcset=\"https:\/\/gradinamarioarei.md\/wp-content\/uploads\/2022\/01\/Toro-Recycler-tehnologia-Vortex-550x498.jpg 550w, https:\/\/gradinamarioarei.md\/wp-content\/uploads\/2022\/01\/Toro-Recycler-tehnologia-Vortex-480x434.jpg 480w, https:\/\/gradinamarioarei.md\/wp-content\/uploads\/2022\/01\/Toro-Recycler-tehnologia-Vortex-125x112.jpg 125w\" sizes=\"auto, (max-width: 550px) 100vw, 550px\" \/><span class=\"latest_post_overlay\"><i class=\"icon_plus\" aria-hidden=\"true\"><\/i><\/span><\/a><\/div><div class=\"latest_post\" ><div class=\"latest_post_text\"><span class=\"date_holder post_info_section\"><span class=\"date\">January 20, 2022<\/span><\/span><h4 class=\"latest_post_title \"><a href=\"https:\/\/gradinamarioarei.md\/en\/toro-lawn-mowers-with-vortex-technology\/\">New Toro lawn mowers with Vortex Technology<\/a><\/h4><p class=\"excerpt\">Toro lawn mowers launched in 2022 are equipped with Vortex Technology and Personal Pace\u00ae Auto-Drive \u2122.Toro has long been recognized as an innovator in new technologies that help customers maintain their lawn surfaces to the best quality and in the most efficient way.Part of this......<\/p><\/div><\/div><\/li><li class=\"clearfix\"><div class=\"boxes_image\"><a href=\"https:\/\/gradinamarioarei.md\/en\/recomandari-pentru-intretinerea-corecta-a-gazonului\/\"><span class=\"latest_post_overlay\"><i class=\"icon_plus\" aria-hidden=\"true\"><\/i><\/span><\/a><\/div><div class=\"latest_post\" ><div class=\"latest_post_text\"><span class=\"date_holder post_info_section\"><span class=\"date\">January 25, 2019<\/span><\/span><h4 class=\"latest_post_title \"><a href=\"https:\/\/gradinamarioarei.md\/en\/recomandari-pentru-intretinerea-corecta-a-gazonului\/\">\u00centre\u021binerea corect\u0103 a gazonului<\/a><\/h4><p class=\"excerpt\">Pentru a v\u0103 putea bucura de un gazon s\u0103n\u0103tos \u0219i frumos, v\u0103 propunem s\u0103 citi\u021bi c\u00e2teva recomand\u0103ri care v\u0103 vor ajuta s\u0103 \u00een\u021belege\u021bi de ce are nevoie un gazon. IRIGAREA IRIGAREA este cel mai important aspect al \u00eentre\u021binerii. Culoarea normal\u0103 a gazonului este verde \u00eenchis.......<\/p><\/div><\/div><\/li><\/ul><\/div>[vc_empty_space height=&#8221;80px&#8221;][\/vc_column][\/vc_row]<\/p>\n","protected":false},"excerpt":{"rendered":"<p>[vc_row row_type=&#8221;row&#8221; use_row_as_full_screen_section=&#8221;no&#8221; type=&#8221;grid&#8221; text_align=&#8221;center&#8221; background_animation=&#8221;none&#8221; padding_bottom=&#8221;80&#8243; css_animation=&#8221;&#8221;][vc_column][vc_empty_space height=&#8221;84px&#8221;][vc_column_text] Complete maintenance services of green spaces [\/vc_column_text][vc_separator type=&#8221;transparent&#8221; border_style=&#8221;&#8221; up=&#8221;50&#8243; down=&#8221;0&#8243;][vc_column_text] For the enviable aspect of a garden it is necessary to carefully maintain it. The complete services provided by our team contain a variety of&#8230;<\/p>\n","protected":false},"author":2,"featured_media":0,"parent":21988,"menu_order":0,"comment_status":"closed","ping_status":"closed","template":"full_width.php","meta":{"_acf_changed":false,"footnotes":""},"class_list":["post-22347","page","type-page","status-publish","hentry"],"acf":[],"yoast_head":"<!-- This site is optimized with the Yoast SEO plugin v27.6 - https:\/\/yoast.com\/product\/yoast-seo-wordpress\/ -->\n<title>Professional and complete green space maintenance services<\/title>\n<meta name=\"description\" content=\"Gradina Marioarei provides professional and complete maintenance services of green spaces throughout the vegetation duration of your garden.\" \/>\n<meta name=\"robots\" content=\"index, follow, max-snippet:-1, max-image-preview:large, max-video-preview:-1\" \/>\n<link rel=\"canonical\" href=\"https:\/\/gradinamarioarei.md\/en\/gradina-marioarei-complex-services-for-landscape-design\/professional-and-complete-green-space-maintenance-services\/\" \/>\n<meta property=\"og:locale\" content=\"en_US\" \/>\n<meta property=\"og:type\" content=\"article\" \/>\n<meta property=\"og:title\" content=\"Professional and complete green space maintenance services\" \/>\n<meta property=\"og:description\" content=\"Gradina Marioarei provides professional and complete maintenance services of green spaces throughout the vegetation duration of your garden.\" \/>\n<meta property=\"og:url\" content=\"https:\/\/gradinamarioarei.md\/en\/gradina-marioarei-complex-services-for-landscape-design\/professional-and-complete-green-space-maintenance-services\/\" \/>\n<meta property=\"og:site_name\" content=\"Gr\u0103dina M\u0103rioarei\" \/>\n<meta property=\"article:publisher\" content=\"https:\/\/www.facebook.com\/gradinamarioarei\/\" \/>\n<meta property=\"article:modified_time\" content=\"2020-02-10T13:09:24+00:00\" \/>\n<meta name=\"twitter:card\" content=\"summary_large_image\" \/>\n<meta name=\"twitter:label1\" content=\"Est. reading time\" \/>\n\t<meta name=\"twitter:data1\" content=\"3 minutes\" \/>\n<script type=\"application\/ld+json\" class=\"yoast-schema-graph\">{\"@context\":\"https:\\\/\\\/schema.org\",\"@graph\":[{\"@type\":\"WebPage\",\"@id\":\"https:\\\/\\\/gradinamarioarei.md\\\/en\\\/gradina-marioarei-complex-services-for-landscape-design\\\/professional-and-complete-green-space-maintenance-services\\\/\",\"url\":\"https:\\\/\\\/gradinamarioarei.md\\\/en\\\/gradina-marioarei-complex-services-for-landscape-design\\\/professional-and-complete-green-space-maintenance-services\\\/\",\"name\":\"Professional and complete green space maintenance services\",\"isPartOf\":{\"@id\":\"https:\\\/\\\/gradinamarioarei.md\\\/#website\"},\"datePublished\":\"2019-02-04T15:31:30+00:00\",\"dateModified\":\"2020-02-10T13:09:24+00:00\",\"description\":\"Gradina Marioarei provides professional and complete maintenance services of green spaces throughout the vegetation duration of your garden.\",\"breadcrumb\":{\"@id\":\"https:\\\/\\\/gradinamarioarei.md\\\/en\\\/gradina-marioarei-complex-services-for-landscape-design\\\/professional-and-complete-green-space-maintenance-services\\\/#breadcrumb\"},\"inLanguage\":\"en-US\",\"potentialAction\":[{\"@type\":\"ReadAction\",\"target\":[\"https:\\\/\\\/gradinamarioarei.md\\\/en\\\/gradina-marioarei-complex-services-for-landscape-design\\\/professional-and-complete-green-space-maintenance-services\\\/\"]}]},{\"@type\":\"BreadcrumbList\",\"@id\":\"https:\\\/\\\/gradinamarioarei.md\\\/en\\\/gradina-marioarei-complex-services-for-landscape-design\\\/professional-and-complete-green-space-maintenance-services\\\/#breadcrumb\",\"itemListElement\":[{\"@type\":\"ListItem\",\"position\":1,\"name\":\"Home\",\"item\":\"https:\\\/\\\/gradinamarioarei.md\\\/en\\\/\"},{\"@type\":\"ListItem\",\"position\":2,\"name\":\"Landscape services\",\"item\":\"https:\\\/\\\/gradinamarioarei.md\\\/en\\\/gradina-marioarei-complex-services-for-landscape-design\\\/\"},{\"@type\":\"ListItem\",\"position\":3,\"name\":\"Maintenance services of green spaces\"}]},{\"@type\":\"WebSite\",\"@id\":\"https:\\\/\\\/gradinamarioarei.md\\\/#website\",\"url\":\"https:\\\/\\\/gradinamarioarei.md\\\/\",\"name\":\"Gr\u0103dina M\u0103rioarei\",\"description\":\"Proiectarea \u0219i executarea lucr\u0103rilor de amenajare spa\u021bii verzi. Comercializare echipament profesional.\",\"publisher\":{\"@id\":\"https:\\\/\\\/gradinamarioarei.md\\\/#organization\"},\"potentialAction\":[{\"@type\":\"SearchAction\",\"target\":{\"@type\":\"EntryPoint\",\"urlTemplate\":\"https:\\\/\\\/gradinamarioarei.md\\\/?s={search_term_string}\"},\"query-input\":{\"@type\":\"PropertyValueSpecification\",\"valueRequired\":true,\"valueName\":\"search_term_string\"}}],\"inLanguage\":\"en-US\"},{\"@type\":\"Organization\",\"@id\":\"https:\\\/\\\/gradinamarioarei.md\\\/#organization\",\"name\":\"Gradina Marioarei\",\"url\":\"https:\\\/\\\/gradinamarioarei.md\\\/\",\"logo\":{\"@type\":\"ImageObject\",\"inLanguage\":\"en-US\",\"@id\":\"https:\\\/\\\/gradinamarioarei.md\\\/#\\\/schema\\\/logo\\\/image\\\/\",\"url\":\"https:\\\/\\\/gradinamarioarei.md\\\/wp-content\\\/uploads\\\/2019\\\/02\\\/gradina.png\",\"contentUrl\":\"https:\\\/\\\/gradinamarioarei.md\\\/wp-content\\\/uploads\\\/2019\\\/02\\\/gradina.png\",\"width\":800,\"height\":413,\"caption\":\"Gradina Marioarei\"},\"image\":{\"@id\":\"https:\\\/\\\/gradinamarioarei.md\\\/#\\\/schema\\\/logo\\\/image\\\/\"},\"sameAs\":[\"https:\\\/\\\/www.facebook.com\\\/gradinamarioarei\\\/\",\"https:\\\/\\\/www.instagram.com\\\/gradinamarioarei\\\/\"]}]}<\/script>\n<!-- \/ Yoast SEO plugin. -->","yoast_head_json":{"title":"Professional and complete green space maintenance services","description":"Gradina Marioarei provides professional and complete maintenance services of green spaces throughout the vegetation duration of your garden.","robots":{"index":"index","follow":"follow","max-snippet":"max-snippet:-1","max-image-preview":"max-image-preview:large","max-video-preview":"max-video-preview:-1"},"canonical":"https:\/\/gradinamarioarei.md\/en\/gradina-marioarei-complex-services-for-landscape-design\/professional-and-complete-green-space-maintenance-services\/","og_locale":"en_US","og_type":"article","og_title":"Professional and complete green space maintenance services","og_description":"Gradina Marioarei provides professional and complete maintenance services of green spaces throughout the vegetation duration of your garden.","og_url":"https:\/\/gradinamarioarei.md\/en\/gradina-marioarei-complex-services-for-landscape-design\/professional-and-complete-green-space-maintenance-services\/","og_site_name":"Gr\u0103dina M\u0103rioarei","article_publisher":"https:\/\/www.facebook.com\/gradinamarioarei\/","article_modified_time":"2020-02-10T13:09:24+00:00","twitter_card":"summary_large_image","twitter_misc":{"Est. reading time":"3 minutes"},"schema":{"@context":"https:\/\/schema.org","@graph":[{"@type":"WebPage","@id":"https:\/\/gradinamarioarei.md\/en\/gradina-marioarei-complex-services-for-landscape-design\/professional-and-complete-green-space-maintenance-services\/","url":"https:\/\/gradinamarioarei.md\/en\/gradina-marioarei-complex-services-for-landscape-design\/professional-and-complete-green-space-maintenance-services\/","name":"Professional and complete green space maintenance services","isPartOf":{"@id":"https:\/\/gradinamarioarei.md\/#website"},"datePublished":"2019-02-04T15:31:30+00:00","dateModified":"2020-02-10T13:09:24+00:00","description":"Gradina Marioarei provides professional and complete maintenance services of green spaces throughout the vegetation duration of your garden.","breadcrumb":{"@id":"https:\/\/gradinamarioarei.md\/en\/gradina-marioarei-complex-services-for-landscape-design\/professional-and-complete-green-space-maintenance-services\/#breadcrumb"},"inLanguage":"en-US","potentialAction":[{"@type":"ReadAction","target":["https:\/\/gradinamarioarei.md\/en\/gradina-marioarei-complex-services-for-landscape-design\/professional-and-complete-green-space-maintenance-services\/"]}]},{"@type":"BreadcrumbList","@id":"https:\/\/gradinamarioarei.md\/en\/gradina-marioarei-complex-services-for-landscape-design\/professional-and-complete-green-space-maintenance-services\/#breadcrumb","itemListElement":[{"@type":"ListItem","position":1,"name":"Home","item":"https:\/\/gradinamarioarei.md\/en\/"},{"@type":"ListItem","position":2,"name":"Landscape services","item":"https:\/\/gradinamarioarei.md\/en\/gradina-marioarei-complex-services-for-landscape-design\/"},{"@type":"ListItem","position":3,"name":"Maintenance services of green spaces"}]},{"@type":"WebSite","@id":"https:\/\/gradinamarioarei.md\/#website","url":"https:\/\/gradinamarioarei.md\/","name":"Gr\u0103dina M\u0103rioarei","description":"Proiectarea \u0219i executarea lucr\u0103rilor de amenajare spa\u021bii verzi. Comercializare echipament profesional.","publisher":{"@id":"https:\/\/gradinamarioarei.md\/#organization"},"potentialAction":[{"@type":"SearchAction","target":{"@type":"EntryPoint","urlTemplate":"https:\/\/gradinamarioarei.md\/?s={search_term_string}"},"query-input":{"@type":"PropertyValueSpecification","valueRequired":true,"valueName":"search_term_string"}}],"inLanguage":"en-US"},{"@type":"Organization","@id":"https:\/\/gradinamarioarei.md\/#organization","name":"Gradina Marioarei","url":"https:\/\/gradinamarioarei.md\/","logo":{"@type":"ImageObject","inLanguage":"en-US","@id":"https:\/\/gradinamarioarei.md\/#\/schema\/logo\/image\/","url":"https:\/\/gradinamarioarei.md\/wp-content\/uploads\/2019\/02\/gradina.png","contentUrl":"https:\/\/gradinamarioarei.md\/wp-content\/uploads\/2019\/02\/gradina.png","width":800,"height":413,"caption":"Gradina Marioarei"},"image":{"@id":"https:\/\/gradinamarioarei.md\/#\/schema\/logo\/image\/"},"sameAs":["https:\/\/www.facebook.com\/gradinamarioarei\/","https:\/\/www.instagram.com\/gradinamarioarei\/"]}]}},"_links":{"self":[{"href":"https:\/\/gradinamarioarei.md\/en\/wp-json\/wp\/v2\/pages\/22347","targetHints":{"allow":["GET"]}}],"collection":[{"href":"https:\/\/gradinamarioarei.md\/en\/wp-json\/wp\/v2\/pages"}],"about":[{"href":"https:\/\/gradinamarioarei.md\/en\/wp-json\/wp\/v2\/types\/page"}],"author":[{"embeddable":true,"href":"https:\/\/gradinamarioarei.md\/en\/wp-json\/wp\/v2\/users\/2"}],"replies":[{"embeddable":true,"href":"https:\/\/gradinamarioarei.md\/en\/wp-json\/wp\/v2\/comments?post=22347"}],"version-history":[{"count":20,"href":"https:\/\/gradinamarioarei.md\/en\/wp-json\/wp\/v2\/pages\/22347\/revisions"}],"predecessor-version":[{"id":22850,"href":"https:\/\/gradinamarioarei.md\/en\/wp-json\/wp\/v2\/pages\/22347\/revisions\/22850"}],"up":[{"embeddable":true,"href":"https:\/\/gradinamarioarei.md\/en\/wp-json\/wp\/v2\/pages\/21988"}],"wp:attachment":[{"href":"https:\/\/gradinamarioarei.md\/en\/wp-json\/wp\/v2\/media?parent=22347"}],"curies":[{"name":"wp","href":"https:\/\/api.w.org\/{rel}","templated":true}]}}